
{"id":6095,"date":"2020-07-03T09:28:47","date_gmt":"2020-07-03T09:28:47","guid":{"rendered":"https:\/\/www.solaga.de\/?post_type=product&#038;p=6095"},"modified":"2024-02-27T13:14:29","modified_gmt":"2024-02-27T13:14:29","slug":"duengemittel","status":"publish","type":"product","link":"https:\/\/www.solaga.de\/en\/product\/duengemittel\/","title":{"rendered":"D\u00fcngemittel: Spezielles N\u00e4hrmedium f\u00fcr Algen"},"content":{"rendered":"<p>Das N\u00e4hrmedium dient zur optimalen Versorgung der Algen. Es wird in einer speziellen Flasche geliefert, die auf die \u00d6ffnung des Tanks abgestimmt ist. Eine volle Flasche ist in der Bestellung Ihres <span class=\"hiddenSpellError\">Alwe<\/span> enthalten. Weitere Nachbestellungen k\u00f6nnen Sie \u00fcber unseren Webshop vornehmen.<\/p>\n<p><span class=\"ILfuVd\"><span class=\"e24Kjd\">\u00a0<\/span><\/span><\/p>","protected":false},"excerpt":{"rendered":"<p>Das N\u00e4hrmedium dient zur optimalen Versorgung der Algen. Es wird in einer speziellen Flasche geliefert, die auf die \u00d6ffnung des Tanks abgestimmt ist. Eine volle Flasche ist in der Bestellung [&hellip;]<\/p>\n","protected":false},"featured_media":13869,"template":"","meta":{"content-type":"","ocean_post_layout":"full-width","ocean_both_sidebars_style":"","ocean_both_sidebars_content_width":0,"ocean_both_sidebars_sidebars_width":0,"ocean_sidebar":"sidebar","ocean_second_sidebar":"0","ocean_disable_margins":"on","ocean_add_body_class":"","ocean_shortcode_before_top_bar":"","ocean_shortcode_after_top_bar":"","ocean_shortcode_before_header":"","ocean_shortcode_after_header":"","ocean_has_shortcode":"","ocean_shortcode_after_title":"","ocean_shortcode_before_footer_widgets":"","ocean_shortcode_after_footer_widgets":"","ocean_shortcode_before_footer_bottom":"","ocean_shortcode_after_footer_bottom":"","ocean_display_top_bar":"default","ocean_display_header":"default","ocean_header_style":"","ocean_center_header_left_menu":"0","ocean_custom_header_template":"0","ocean_custom_logo":0,"ocean_custom_retina_logo":0,"ocean_custom_logo_max_width":0,"ocean_custom_logo_tablet_max_width":0,"ocean_custom_logo_mobile_max_width":0,"ocean_custom_logo_max_height":0,"ocean_custom_logo_tablet_max_height":0,"ocean_custom_logo_mobile_max_height":0,"ocean_header_custom_menu":"0","ocean_menu_typo_font_family":"0","ocean_menu_typo_font_subset":"","ocean_menu_typo_font_size":0,"ocean_menu_typo_font_size_tablet":0,"ocean_menu_typo_font_size_mobile":0,"ocean_menu_typo_font_size_unit":"px","ocean_menu_typo_font_weight":"","ocean_menu_typo_font_weight_tablet":"","ocean_menu_typo_font_weight_mobile":"","ocean_menu_typo_transform":"","ocean_menu_typo_transform_tablet":"","ocean_menu_typo_transform_mobile":"","ocean_menu_typo_line_height":0,"ocean_menu_typo_line_height_tablet":0,"ocean_menu_typo_line_height_mobile":0,"ocean_menu_typo_line_height_unit":"","ocean_menu_typo_spacing":0,"ocean_menu_typo_spacing_tablet":0,"ocean_menu_typo_spacing_mobile":0,"ocean_menu_typo_spacing_unit":"","ocean_menu_link_color":"","ocean_menu_link_color_hover":"","ocean_menu_link_color_active":"","ocean_menu_link_background":"","ocean_menu_link_hover_background":"","ocean_menu_link_active_background":"","ocean_menu_social_links_bg":"","ocean_menu_social_hover_links_bg":"","ocean_menu_social_links_color":"","ocean_menu_social_hover_links_color":"","ocean_disable_title":"default","ocean_disable_heading":"default","ocean_post_title":"","ocean_post_subheading":"","ocean_post_title_style":"","ocean_post_title_background_color":"","ocean_post_title_background":0,"ocean_post_title_bg_image_position":"","ocean_post_title_bg_image_attachment":"","ocean_post_title_bg_image_repeat":"","ocean_post_title_bg_image_size":"","ocean_post_title_height":0,"ocean_post_title_bg_overlay":0.5,"ocean_post_title_bg_overlay_color":"","ocean_disable_breadcrumbs":"default","ocean_breadcrumbs_color":"","ocean_breadcrumbs_separator_color":"","ocean_breadcrumbs_links_color":"","ocean_breadcrumbs_links_hover_color":"","ocean_display_footer_widgets":"default","ocean_display_footer_bottom":"default","ocean_custom_footer_template":"0"},"product_brand":[],"product_cat":[144],"product_tag":[],"class_list":{"0":"post-6095","1":"product","2":"type-product","3":"status-publish","4":"has-post-thumbnail","6":"product_cat-zubehoer","8":"entry","9":"has-media","11":"first","12":"outofstock","13":"taxable","14":"shipping-taxable","15":"purchasable","16":"product-type-simple","17":"col","18":"span_1_of_1","19":"owp-content-center","20":"item-entry","21":"owp-thumbs-layout-vertical","22":"owp-btn-normal","23":"owp-tabs-layout-section","24":"has-no-thumbnails"},"yoast_head":"<!-- This site is optimized with the Yoast SEO plugin v27.3 - https:\/\/yoast.com\/product\/yoast-seo-wordpress\/ -->\n<title>D\u00fcngemittel: Spezielles N\u00e4hrmedium f\u00fcr Algen - Solaga - Besseres Klima durch Algenwand<\/title>\n<meta name=\"description\" content=\"Das N\u00e4hrmedium dient zur optimalen Versorgung der Algen. Es wird in einer speziellen Flasche geliefert, die auf die \u00d6ffnung des Tanks abgestimmt ist.\" \/>\n<meta name=\"robots\" content=\"index, follow, max-snippet:-1, max-image-preview:large, max-video-preview:-1\" \/>\n<link rel=\"canonical\" href=\"https:\/\/www.solaga.de\/en\/product\/duengemittel\/\" \/>\n<meta property=\"og:locale\" content=\"en_GB\" \/>\n<meta property=\"og:type\" content=\"article\" \/>\n<meta property=\"og:title\" content=\"D\u00fcngemittel: Spezielles N\u00e4hrmedium f\u00fcr Algen - Solaga - Besseres Klima durch Algenwand\" \/>\n<meta property=\"og:description\" content=\"Das N\u00e4hrmedium dient zur optimalen Versorgung der Algen. Es wird in einer speziellen Flasche geliefert, die auf die \u00d6ffnung des Tanks abgestimmt ist.\" \/>\n<meta property=\"og:url\" content=\"https:\/\/www.solaga.de\/en\/product\/duengemittel\/\" \/>\n<meta property=\"og:site_name\" content=\"Solaga - Besseres Klima durch Algenwand\" \/>\n<meta property=\"article:publisher\" content=\"https:\/\/www.facebook.com\/solagabiotech\/\" \/>\n<meta property=\"article:modified_time\" content=\"2024-02-27T13:14:29+00:00\" \/>\n<meta property=\"og:image\" content=\"https:\/\/www.solaga.de\/wp-content\/uploads\/2020\/07\/Duengemittel-Spezielles-Naehrmedium-fuer-Algen--e1647341164110.png\" \/>\n\t<meta property=\"og:image:width\" content=\"600\" \/>\n\t<meta property=\"og:image:height\" content=\"600\" \/>\n\t<meta property=\"og:image:type\" content=\"image\/png\" \/>\n<meta name=\"twitter:card\" content=\"summary_large_image\" \/>\n<meta name=\"twitter:site\" content=\"@solagade\" \/>\n<meta name=\"twitter:label1\" content=\"Estimated reading time\" \/>\n\t<meta name=\"twitter:data1\" content=\"1 minute\" \/>\n<script type=\"application\/ld+json\" class=\"yoast-schema-graph\">{\"@context\":\"https:\\\/\\\/schema.org\",\"@graph\":[{\"@type\":\"WebPage\",\"@id\":\"https:\\\/\\\/www.solaga.de\\\/produkt\\\/duengemittel\\\/\",\"url\":\"https:\\\/\\\/www.solaga.de\\\/produkt\\\/duengemittel\\\/\",\"name\":\"D\u00fcngemittel: Spezielles N\u00e4hrmedium f\u00fcr Algen - Solaga - Besseres Klima durch Algenwand\",\"isPartOf\":{\"@id\":\"https:\\\/\\\/www.solaga.de\\\/#website\"},\"primaryImageOfPage\":{\"@id\":\"https:\\\/\\\/www.solaga.de\\\/produkt\\\/duengemittel\\\/#primaryimage\"},\"image\":{\"@id\":\"https:\\\/\\\/www.solaga.de\\\/produkt\\\/duengemittel\\\/#primaryimage\"},\"thumbnailUrl\":\"https:\\\/\\\/www.solaga.de\\\/wp-content\\\/uploads\\\/2020\\\/07\\\/Duengemittel-Spezielles-Naehrmedium-fuer-Algen--e1647341164110.png\",\"datePublished\":\"2020-07-03T09:28:47+00:00\",\"dateModified\":\"2024-02-27T13:14:29+00:00\",\"description\":\"Das N\u00e4hrmedium dient zur optimalen Versorgung der Algen. Es wird in einer speziellen Flasche geliefert, die auf die \u00d6ffnung des Tanks abgestimmt ist.\",\"breadcrumb\":{\"@id\":\"https:\\\/\\\/www.solaga.de\\\/produkt\\\/duengemittel\\\/#breadcrumb\"},\"inLanguage\":\"en-GB\",\"potentialAction\":[{\"@type\":\"ReadAction\",\"target\":[\"https:\\\/\\\/www.solaga.de\\\/produkt\\\/duengemittel\\\/\"]}]},{\"@type\":\"ImageObject\",\"inLanguage\":\"en-GB\",\"@id\":\"https:\\\/\\\/www.solaga.de\\\/produkt\\\/duengemittel\\\/#primaryimage\",\"url\":\"https:\\\/\\\/www.solaga.de\\\/wp-content\\\/uploads\\\/2020\\\/07\\\/Duengemittel-Spezielles-Naehrmedium-fuer-Algen--e1647341164110.png\",\"contentUrl\":\"https:\\\/\\\/www.solaga.de\\\/wp-content\\\/uploads\\\/2020\\\/07\\\/Duengemittel-Spezielles-Naehrmedium-fuer-Algen--e1647341164110.png\",\"width\":600,\"height\":600,\"caption\":\"N\u00e4hrstoffflasche f\u00fcr Alwe das Algenbild. 12 Monate\"},{\"@type\":\"BreadcrumbList\",\"@id\":\"https:\\\/\\\/www.solaga.de\\\/produkt\\\/duengemittel\\\/#breadcrumb\",\"itemListElement\":[{\"@type\":\"ListItem\",\"position\":1,\"name\":\"Startseite\",\"item\":\"https:\\\/\\\/www.solaga.de\\\/\"},{\"@type\":\"ListItem\",\"position\":2,\"name\":\"Produkte\",\"item\":\"https:\\\/\\\/www.solaga.de\\\/shop\\\/\"},{\"@type\":\"ListItem\",\"position\":3,\"name\":\"D\u00fcngemittel: Spezielles N\u00e4hrmedium f\u00fcr Algen\"}]},{\"@type\":\"WebSite\",\"@id\":\"https:\\\/\\\/www.solaga.de\\\/#website\",\"url\":\"https:\\\/\\\/www.solaga.de\\\/\",\"name\":\"Solaga\",\"description\":\"Solaga - F\u00fcr gr\u00fcnere und bessere Luft\",\"publisher\":{\"@id\":\"https:\\\/\\\/www.solaga.de\\\/#organization\"},\"potentialAction\":[{\"@type\":\"SearchAction\",\"target\":{\"@type\":\"EntryPoint\",\"urlTemplate\":\"https:\\\/\\\/www.solaga.de\\\/?s={search_term_string}\"},\"query-input\":{\"@type\":\"PropertyValueSpecification\",\"valueRequired\":true,\"valueName\":\"search_term_string\"}}],\"inLanguage\":\"en-GB\"},{\"@type\":\"Organization\",\"@id\":\"https:\\\/\\\/www.solaga.de\\\/#organization\",\"name\":\"Solaga\",\"url\":\"https:\\\/\\\/www.solaga.de\\\/\",\"logo\":{\"@type\":\"ImageObject\",\"inLanguage\":\"en-GB\",\"@id\":\"https:\\\/\\\/www.solaga.de\\\/#\\\/schema\\\/logo\\\/image\\\/\",\"url\":\"https:\\\/\\\/www.solaga.de\\\/wp-content\\\/uploads\\\/2018\\\/08\\\/logo_film.jpg\",\"contentUrl\":\"https:\\\/\\\/www.solaga.de\\\/wp-content\\\/uploads\\\/2018\\\/08\\\/logo_film.jpg\",\"width\":2672,\"height\":933,\"caption\":\"Solaga\"},\"image\":{\"@id\":\"https:\\\/\\\/www.solaga.de\\\/#\\\/schema\\\/logo\\\/image\\\/\"},\"sameAs\":[\"https:\\\/\\\/www.facebook.com\\\/solagabiotech\\\/\",\"https:\\\/\\\/x.com\\\/solagade\",\"https:\\\/\\\/www.instagram.com\\\/solaga.de\",\"https:\\\/\\\/de.linkedin.com\\\/company\\\/solaga\",\"https:\\\/\\\/www.youtube.com\\\/channel\\\/UCLUcLurk3_16zP2d3qHuJiw\"]}]}<\/script>\n<!-- \/ Yoast SEO plugin. -->","yoast_head_json":{"title":"D\u00fcngemittel: Spezielles N\u00e4hrmedium f\u00fcr Algen - Solaga - Besseres Klima durch Algenwand","description":"Das N\u00e4hrmedium dient zur optimalen Versorgung der Algen. Es wird in einer speziellen Flasche geliefert, die auf die \u00d6ffnung des Tanks abgestimmt ist.","robots":{"index":"index","follow":"follow","max-snippet":"max-snippet:-1","max-image-preview":"max-image-preview:large","max-video-preview":"max-video-preview:-1"},"canonical":"https:\/\/www.solaga.de\/en\/product\/duengemittel\/","og_locale":"en_GB","og_type":"article","og_title":"D\u00fcngemittel: Spezielles N\u00e4hrmedium f\u00fcr Algen - Solaga - Besseres Klima durch Algenwand","og_description":"Das N\u00e4hrmedium dient zur optimalen Versorgung der Algen. Es wird in einer speziellen Flasche geliefert, die auf die \u00d6ffnung des Tanks abgestimmt ist.","og_url":"https:\/\/www.solaga.de\/en\/product\/duengemittel\/","og_site_name":"Solaga - Besseres Klima durch Algenwand","article_publisher":"https:\/\/www.facebook.com\/solagabiotech\/","article_modified_time":"2024-02-27T13:14:29+00:00","og_image":[{"width":600,"height":600,"url":"https:\/\/www.solaga.de\/wp-content\/uploads\/2020\/07\/Duengemittel-Spezielles-Naehrmedium-fuer-Algen--e1647341164110.png","type":"image\/png"}],"twitter_card":"summary_large_image","twitter_site":"@solagade","twitter_misc":{"Estimated reading time":"1 minute"},"schema":{"@context":"https:\/\/schema.org","@graph":[{"@type":"WebPage","@id":"https:\/\/www.solaga.de\/produkt\/duengemittel\/","url":"https:\/\/www.solaga.de\/produkt\/duengemittel\/","name":"D\u00fcngemittel: Spezielles N\u00e4hrmedium f\u00fcr Algen - Solaga - Besseres Klima durch Algenwand","isPartOf":{"@id":"https:\/\/www.solaga.de\/#website"},"primaryImageOfPage":{"@id":"https:\/\/www.solaga.de\/produkt\/duengemittel\/#primaryimage"},"image":{"@id":"https:\/\/www.solaga.de\/produkt\/duengemittel\/#primaryimage"},"thumbnailUrl":"https:\/\/www.solaga.de\/wp-content\/uploads\/2020\/07\/Duengemittel-Spezielles-Naehrmedium-fuer-Algen--e1647341164110.png","datePublished":"2020-07-03T09:28:47+00:00","dateModified":"2024-02-27T13:14:29+00:00","description":"Das N\u00e4hrmedium dient zur optimalen Versorgung der Algen. Es wird in einer speziellen Flasche geliefert, die auf die \u00d6ffnung des Tanks abgestimmt ist.","breadcrumb":{"@id":"https:\/\/www.solaga.de\/produkt\/duengemittel\/#breadcrumb"},"inLanguage":"en-GB","potentialAction":[{"@type":"ReadAction","target":["https:\/\/www.solaga.de\/produkt\/duengemittel\/"]}]},{"@type":"ImageObject","inLanguage":"en-GB","@id":"https:\/\/www.solaga.de\/produkt\/duengemittel\/#primaryimage","url":"https:\/\/www.solaga.de\/wp-content\/uploads\/2020\/07\/Duengemittel-Spezielles-Naehrmedium-fuer-Algen--e1647341164110.png","contentUrl":"https:\/\/www.solaga.de\/wp-content\/uploads\/2020\/07\/Duengemittel-Spezielles-Naehrmedium-fuer-Algen--e1647341164110.png","width":600,"height":600,"caption":"N\u00e4hrstoffflasche f\u00fcr Alwe das Algenbild. 12 Monate"},{"@type":"BreadcrumbList","@id":"https:\/\/www.solaga.de\/produkt\/duengemittel\/#breadcrumb","itemListElement":[{"@type":"ListItem","position":1,"name":"Startseite","item":"https:\/\/www.solaga.de\/"},{"@type":"ListItem","position":2,"name":"Produkte","item":"https:\/\/www.solaga.de\/shop\/"},{"@type":"ListItem","position":3,"name":"D\u00fcngemittel: Spezielles N\u00e4hrmedium f\u00fcr Algen"}]},{"@type":"WebSite","@id":"https:\/\/www.solaga.de\/#website","url":"https:\/\/www.solaga.de\/","name":"Solaga","description":"Solaga - F\u00fcr gr\u00fcnere und bessere Luft","publisher":{"@id":"https:\/\/www.solaga.de\/#organization"},"potentialAction":[{"@type":"SearchAction","target":{"@type":"EntryPoint","urlTemplate":"https:\/\/www.solaga.de\/?s={search_term_string}"},"query-input":{"@type":"PropertyValueSpecification","valueRequired":true,"valueName":"search_term_string"}}],"inLanguage":"en-GB"},{"@type":"Organization","@id":"https:\/\/www.solaga.de\/#organization","name":"Solaga","url":"https:\/\/www.solaga.de\/","logo":{"@type":"ImageObject","inLanguage":"en-GB","@id":"https:\/\/www.solaga.de\/#\/schema\/logo\/image\/","url":"https:\/\/www.solaga.de\/wp-content\/uploads\/2018\/08\/logo_film.jpg","contentUrl":"https:\/\/www.solaga.de\/wp-content\/uploads\/2018\/08\/logo_film.jpg","width":2672,"height":933,"caption":"Solaga"},"image":{"@id":"https:\/\/www.solaga.de\/#\/schema\/logo\/image\/"},"sameAs":["https:\/\/www.facebook.com\/solagabiotech\/","https:\/\/x.com\/solagade","https:\/\/www.instagram.com\/solaga.de","https:\/\/de.linkedin.com\/company\/solaga","https:\/\/www.youtube.com\/channel\/UCLUcLurk3_16zP2d3qHuJiw"]}]}},"_links":{"self":[{"href":"https:\/\/www.solaga.de\/en\/wp-json\/wp\/v2\/product\/6095","targetHints":{"allow":["GET"]}}],"collection":[{"href":"https:\/\/www.solaga.de\/en\/wp-json\/wp\/v2\/product"}],"about":[{"href":"https:\/\/www.solaga.de\/en\/wp-json\/wp\/v2\/types\/product"}],"wp:featuredmedia":[{"embeddable":true,"href":"https:\/\/www.solaga.de\/en\/wp-json\/wp\/v2\/media\/13869"}],"wp:attachment":[{"href":"https:\/\/www.solaga.de\/en\/wp-json\/wp\/v2\/media?parent=6095"}],"wp:term":[{"taxonomy":"product_brand","embeddable":true,"href":"https:\/\/www.solaga.de\/en\/wp-json\/wp\/v2\/product_brand?post=6095"},{"taxonomy":"product_cat","embeddable":true,"href":"https:\/\/www.solaga.de\/en\/wp-json\/wp\/v2\/product_cat?post=6095"},{"taxonomy":"product_tag","embeddable":true,"href":"https:\/\/www.solaga.de\/en\/wp-json\/wp\/v2\/product_tag?post=6095"}],"curies":[{"name":"wp","href":"https:\/\/api.w.org\/{rel}","templated":true}]}}