
{"id":16013,"date":"2022-09-08T12:02:27","date_gmt":"2022-09-08T12:02:27","guid":{"rendered":"https:\/\/www.solaga.de\/?post_type=product&#038;p=16013"},"modified":"2022-12-22T10:52:04","modified_gmt":"2022-12-22T10:52:04","slug":"alwe-dry-tuerkis","status":"publish","type":"product","link":"https:\/\/www.solaga.de\/en\/product\/alwe-dry-tuerkis\/","title":{"rendered":"Xenia"},"content":{"rendered":"<p style=\"text-align: left;\">Die einzigartige Optik des\u00a0<span class=\"hiddenSpellError\">Alwe-Dry<\/span>\u00a0zieht Blicke auf sich und l\u00f6st Faszination aus.<\/p>\n<p><span class=\"hiddenSpellError\">Alwe-Drys<\/span>\u00a0bezeichnet einen getrockneten und konservierten Biofilm aus Mikroalgen. Die einzelnen Algen wachsen unter kontrollierten Bedingungen zu einer einheitlichen Schicht zusammen. Innerhalb dieser Struktur kann der N\u00e4hrstoffaustausch auch zwischen den einzelnen Algen stattfinden. Zudem wird eine Schutzschicht ausgebildet, um die Algen vor \u00e4u\u00dferen Umwelteinfl\u00fcssen zu sch\u00fctzen.<\/p>\n<p>The biofilm that has grown after several weeks is then dried and preserved using a special process. This process gives the biofilm its structure and color.<\/p>\n<p>Die verwendeten Mikroalgen besitzen neben der Ausbildung einer Schutzschicht die\u00a0Eigenschaft,\u00a0ihre Farbe nach der Trocknung von einem gr\u00fcnen Farbton zu einem blauen Farbton zu ver\u00e4ndern. Somit befindet sich der\u00a0<span class=\"hiddenSpellError\">Alwe-Dry<\/span>\u00a0in einem langsamen aber stetigen Wandel. Beginn und Geschwindigkeit dieses Prozesses\u00a0<span class=\"hiddenGrammarError\">ist<\/span>\u00a0dabei abh\u00e4ngig von der Lokalit\u00e4t des\u00a0<span class=\"hiddenSpellError\">Alwe-Drys<\/span>.<\/p>\n<p>The biofilm is placed in a frame so that you can hang or set up the algae on the wall without much effort. You can also combine several pictures to form an algae wall.<\/p>","protected":false},"excerpt":{"rendered":"<p>Die einzigartige Optik des\u00a0Alwe-Dry\u00a0zieht Blicke auf sich und l\u00f6st Faszination aus. Alwe-Drys\u00a0bezeichnet einen getrockneten und konservierten Biofilm aus Mikroalgen. Die einzelnen Algen wachsen unter kontrollierten Bedingungen zu einer einheitlichen Schicht [&hellip;]<\/p>\n","protected":false},"featured_media":16014,"template":"","meta":{"content-type":"","ocean_post_layout":"full-width","ocean_both_sidebars_style":"","ocean_both_sidebars_content_width":0,"ocean_both_sidebars_sidebars_width":0,"ocean_sidebar":"sidebar","ocean_second_sidebar":"0","ocean_disable_margins":"on","ocean_add_body_class":"","ocean_shortcode_before_top_bar":"","ocean_shortcode_after_top_bar":"","ocean_shortcode_before_header":"","ocean_shortcode_after_header":"","ocean_has_shortcode":"","ocean_shortcode_after_title":"","ocean_shortcode_before_footer_widgets":"","ocean_shortcode_after_footer_widgets":"","ocean_shortcode_before_footer_bottom":"","ocean_shortcode_after_footer_bottom":"","ocean_display_top_bar":"default","ocean_display_header":"default","ocean_header_style":"","ocean_center_header_left_menu":"0","ocean_custom_header_template":"0","ocean_custom_logo":0,"ocean_custom_retina_logo":0,"ocean_custom_logo_max_width":0,"ocean_custom_logo_tablet_max_width":0,"ocean_custom_logo_mobile_max_width":0,"ocean_custom_logo_max_height":0,"ocean_custom_logo_tablet_max_height":0,"ocean_custom_logo_mobile_max_height":0,"ocean_header_custom_menu":"0","ocean_menu_typo_font_family":"0","ocean_menu_typo_font_subset":"","ocean_menu_typo_font_size":0,"ocean_menu_typo_font_size_tablet":0,"ocean_menu_typo_font_size_mobile":0,"ocean_menu_typo_font_size_unit":"px","ocean_menu_typo_font_weight":"","ocean_menu_typo_font_weight_tablet":"","ocean_menu_typo_font_weight_mobile":"","ocean_menu_typo_transform":"","ocean_menu_typo_transform_tablet":"","ocean_menu_typo_transform_mobile":"","ocean_menu_typo_line_height":0,"ocean_menu_typo_line_height_tablet":0,"ocean_menu_typo_line_height_mobile":0,"ocean_menu_typo_line_height_unit":"","ocean_menu_typo_spacing":0,"ocean_menu_typo_spacing_tablet":0,"ocean_menu_typo_spacing_mobile":0,"ocean_menu_typo_spacing_unit":"","ocean_menu_link_color":"","ocean_menu_link_color_hover":"","ocean_menu_link_color_active":"","ocean_menu_link_background":"","ocean_menu_link_hover_background":"","ocean_menu_link_active_background":"","ocean_menu_social_links_bg":"","ocean_menu_social_hover_links_bg":"","ocean_menu_social_links_color":"","ocean_menu_social_hover_links_color":"","ocean_disable_title":"default","ocean_disable_heading":"default","ocean_post_title":"","ocean_post_subheading":"","ocean_post_title_style":"","ocean_post_title_background_color":"","ocean_post_title_background":0,"ocean_post_title_bg_image_position":"","ocean_post_title_bg_image_attachment":"","ocean_post_title_bg_image_repeat":"","ocean_post_title_bg_image_size":"","ocean_post_title_height":0,"ocean_post_title_bg_overlay":0.5,"ocean_post_title_bg_overlay_color":"","ocean_disable_breadcrumbs":"default","ocean_breadcrumbs_color":"","ocean_breadcrumbs_separator_color":"","ocean_breadcrumbs_links_color":"","ocean_breadcrumbs_links_hover_color":"","ocean_display_footer_widgets":"default","ocean_display_footer_bottom":"default","ocean_custom_footer_template":"0"},"product_brand":[],"product_cat":[146,175],"product_tag":[],"class_list":{"0":"post-16013","1":"product","2":"type-product","3":"status-publish","4":"has-post-thumbnail","6":"product_cat-alwe-dry","7":"product_cat-blau","9":"entry","10":"has-media","12":"first","13":"instock","14":"sold-individually","15":"taxable","16":"shipping-taxable","17":"purchasable","18":"product-type-simple","19":"col","20":"span_1_of_1","21":"owp-content-center","22":"item-entry","23":"owp-thumbs-layout-vertical","24":"owp-btn-normal","25":"owp-tabs-layout-section","26":"has-no-thumbnails"},"yoast_head":"<!-- This site is optimized with the Yoast SEO plugin v27.3 - https:\/\/yoast.com\/product\/yoast-seo-wordpress\/ -->\n<title>Xenia - Solaga - Besseres Klima durch Algenwand<\/title>\n<meta name=\"description\" content=\"Dekoidee mit nat\u00fcrlichem Material: Ein getrockneter Biofilm ist eine gute Alternative zur herk\u00f6mmlichen Dekoration f\u00fcr Zuhause.\" \/>\n<meta name=\"robots\" content=\"index, follow, max-snippet:-1, max-image-preview:large, max-video-preview:-1\" \/>\n<link rel=\"canonical\" href=\"https:\/\/www.solaga.de\/en\/product\/alwe-dry-tuerkis\/\" \/>\n<meta property=\"og:locale\" content=\"en_GB\" \/>\n<meta property=\"og:type\" content=\"article\" \/>\n<meta property=\"og:title\" content=\"Xenia - Solaga - Besseres Klima durch Algenwand\" \/>\n<meta property=\"og:description\" content=\"Dekoidee mit nat\u00fcrlichem Material: Ein getrockneter Biofilm ist eine gute Alternative zur herk\u00f6mmlichen Dekoration f\u00fcr Zuhause.\" \/>\n<meta property=\"og:url\" content=\"https:\/\/www.solaga.de\/en\/product\/alwe-dry-tuerkis\/\" \/>\n<meta property=\"og:site_name\" content=\"Solaga - Besseres Klima durch Algenwand\" \/>\n<meta property=\"article:publisher\" content=\"https:\/\/www.facebook.com\/solagabiotech\/\" \/>\n<meta property=\"article:modified_time\" content=\"2022-12-22T10:52:04+00:00\" \/>\n<meta property=\"og:image\" content=\"https:\/\/www.solaga.de\/wp-content\/uploads\/2022\/09\/Tuerkises-Algenbild-scaled.jpg\" \/>\n\t<meta property=\"og:image:width\" content=\"2560\" \/>\n\t<meta property=\"og:image:height\" content=\"1920\" \/>\n\t<meta property=\"og:image:type\" content=\"image\/jpeg\" \/>\n<meta name=\"twitter:card\" content=\"summary_large_image\" \/>\n<meta name=\"twitter:site\" content=\"@solagade\" \/>\n<meta name=\"twitter:label1\" content=\"Estimated reading time\" \/>\n\t<meta name=\"twitter:data1\" content=\"1 minute\" \/>\n<script type=\"application\/ld+json\" class=\"yoast-schema-graph\">{\"@context\":\"https:\\\/\\\/schema.org\",\"@graph\":[{\"@type\":\"WebPage\",\"@id\":\"https:\\\/\\\/www.solaga.de\\\/produkt\\\/alwe-dry-tuerkis\\\/\",\"url\":\"https:\\\/\\\/www.solaga.de\\\/produkt\\\/alwe-dry-tuerkis\\\/\",\"name\":\"Xenia - Solaga - Besseres Klima durch Algenwand\",\"isPartOf\":{\"@id\":\"https:\\\/\\\/www.solaga.de\\\/#website\"},\"primaryImageOfPage\":{\"@id\":\"https:\\\/\\\/www.solaga.de\\\/produkt\\\/alwe-dry-tuerkis\\\/#primaryimage\"},\"image\":{\"@id\":\"https:\\\/\\\/www.solaga.de\\\/produkt\\\/alwe-dry-tuerkis\\\/#primaryimage\"},\"thumbnailUrl\":\"https:\\\/\\\/www.solaga.de\\\/wp-content\\\/uploads\\\/2022\\\/09\\\/Tuerkises-Algenbild-scaled.jpg\",\"datePublished\":\"2022-09-08T12:02:27+00:00\",\"dateModified\":\"2022-12-22T10:52:04+00:00\",\"description\":\"Dekoidee mit nat\u00fcrlichem Material: Ein getrockneter Biofilm ist eine gute Alternative zur herk\u00f6mmlichen Dekoration f\u00fcr Zuhause.\",\"breadcrumb\":{\"@id\":\"https:\\\/\\\/www.solaga.de\\\/produkt\\\/alwe-dry-tuerkis\\\/#breadcrumb\"},\"inLanguage\":\"en-GB\",\"potentialAction\":[{\"@type\":\"ReadAction\",\"target\":[\"https:\\\/\\\/www.solaga.de\\\/produkt\\\/alwe-dry-tuerkis\\\/\"]}]},{\"@type\":\"ImageObject\",\"inLanguage\":\"en-GB\",\"@id\":\"https:\\\/\\\/www.solaga.de\\\/produkt\\\/alwe-dry-tuerkis\\\/#primaryimage\",\"url\":\"https:\\\/\\\/www.solaga.de\\\/wp-content\\\/uploads\\\/2022\\\/09\\\/Tuerkises-Algenbild-scaled.jpg\",\"contentUrl\":\"https:\\\/\\\/www.solaga.de\\\/wp-content\\\/uploads\\\/2022\\\/09\\\/Tuerkises-Algenbild-scaled.jpg\",\"width\":2560,\"height\":1920},{\"@type\":\"BreadcrumbList\",\"@id\":\"https:\\\/\\\/www.solaga.de\\\/produkt\\\/alwe-dry-tuerkis\\\/#breadcrumb\",\"itemListElement\":[{\"@type\":\"ListItem\",\"position\":1,\"name\":\"Startseite\",\"item\":\"https:\\\/\\\/www.solaga.de\\\/\"},{\"@type\":\"ListItem\",\"position\":2,\"name\":\"Produkte\",\"item\":\"https:\\\/\\\/www.solaga.de\\\/shop\\\/\"},{\"@type\":\"ListItem\",\"position\":3,\"name\":\"Xenia\"}]},{\"@type\":\"WebSite\",\"@id\":\"https:\\\/\\\/www.solaga.de\\\/#website\",\"url\":\"https:\\\/\\\/www.solaga.de\\\/\",\"name\":\"Solaga\",\"description\":\"Solaga - F\u00fcr gr\u00fcnere und bessere Luft\",\"publisher\":{\"@id\":\"https:\\\/\\\/www.solaga.de\\\/#organization\"},\"potentialAction\":[{\"@type\":\"SearchAction\",\"target\":{\"@type\":\"EntryPoint\",\"urlTemplate\":\"https:\\\/\\\/www.solaga.de\\\/?s={search_term_string}\"},\"query-input\":{\"@type\":\"PropertyValueSpecification\",\"valueRequired\":true,\"valueName\":\"search_term_string\"}}],\"inLanguage\":\"en-GB\"},{\"@type\":\"Organization\",\"@id\":\"https:\\\/\\\/www.solaga.de\\\/#organization\",\"name\":\"Solaga\",\"url\":\"https:\\\/\\\/www.solaga.de\\\/\",\"logo\":{\"@type\":\"ImageObject\",\"inLanguage\":\"en-GB\",\"@id\":\"https:\\\/\\\/www.solaga.de\\\/#\\\/schema\\\/logo\\\/image\\\/\",\"url\":\"https:\\\/\\\/www.solaga.de\\\/wp-content\\\/uploads\\\/2018\\\/08\\\/logo_film.jpg\",\"contentUrl\":\"https:\\\/\\\/www.solaga.de\\\/wp-content\\\/uploads\\\/2018\\\/08\\\/logo_film.jpg\",\"width\":2672,\"height\":933,\"caption\":\"Solaga\"},\"image\":{\"@id\":\"https:\\\/\\\/www.solaga.de\\\/#\\\/schema\\\/logo\\\/image\\\/\"},\"sameAs\":[\"https:\\\/\\\/www.facebook.com\\\/solagabiotech\\\/\",\"https:\\\/\\\/x.com\\\/solagade\",\"https:\\\/\\\/www.instagram.com\\\/solaga.de\",\"https:\\\/\\\/de.linkedin.com\\\/company\\\/solaga\",\"https:\\\/\\\/www.youtube.com\\\/channel\\\/UCLUcLurk3_16zP2d3qHuJiw\"]}]}<\/script>\n<!-- \/ Yoast SEO plugin. -->","yoast_head_json":{"title":"Xenia - Solaga - Besseres Klima durch Algenwand","description":"Dekoidee mit nat\u00fcrlichem Material: Ein getrockneter Biofilm ist eine gute Alternative zur herk\u00f6mmlichen Dekoration f\u00fcr Zuhause.","robots":{"index":"index","follow":"follow","max-snippet":"max-snippet:-1","max-image-preview":"max-image-preview:large","max-video-preview":"max-video-preview:-1"},"canonical":"https:\/\/www.solaga.de\/en\/product\/alwe-dry-tuerkis\/","og_locale":"en_GB","og_type":"article","og_title":"Xenia - Solaga - Besseres Klima durch Algenwand","og_description":"Dekoidee mit nat\u00fcrlichem Material: Ein getrockneter Biofilm ist eine gute Alternative zur herk\u00f6mmlichen Dekoration f\u00fcr Zuhause.","og_url":"https:\/\/www.solaga.de\/en\/product\/alwe-dry-tuerkis\/","og_site_name":"Solaga - Besseres Klima durch Algenwand","article_publisher":"https:\/\/www.facebook.com\/solagabiotech\/","article_modified_time":"2022-12-22T10:52:04+00:00","og_image":[{"width":2560,"height":1920,"url":"https:\/\/www.solaga.de\/wp-content\/uploads\/2022\/09\/Tuerkises-Algenbild-scaled.jpg","type":"image\/jpeg"}],"twitter_card":"summary_large_image","twitter_site":"@solagade","twitter_misc":{"Estimated reading time":"1 minute"},"schema":{"@context":"https:\/\/schema.org","@graph":[{"@type":"WebPage","@id":"https:\/\/www.solaga.de\/produkt\/alwe-dry-tuerkis\/","url":"https:\/\/www.solaga.de\/produkt\/alwe-dry-tuerkis\/","name":"Xenia - Solaga - Besseres Klima durch Algenwand","isPartOf":{"@id":"https:\/\/www.solaga.de\/#website"},"primaryImageOfPage":{"@id":"https:\/\/www.solaga.de\/produkt\/alwe-dry-tuerkis\/#primaryimage"},"image":{"@id":"https:\/\/www.solaga.de\/produkt\/alwe-dry-tuerkis\/#primaryimage"},"thumbnailUrl":"https:\/\/www.solaga.de\/wp-content\/uploads\/2022\/09\/Tuerkises-Algenbild-scaled.jpg","datePublished":"2022-09-08T12:02:27+00:00","dateModified":"2022-12-22T10:52:04+00:00","description":"Dekoidee mit nat\u00fcrlichem Material: Ein getrockneter Biofilm ist eine gute Alternative zur herk\u00f6mmlichen Dekoration f\u00fcr Zuhause.","breadcrumb":{"@id":"https:\/\/www.solaga.de\/produkt\/alwe-dry-tuerkis\/#breadcrumb"},"inLanguage":"en-GB","potentialAction":[{"@type":"ReadAction","target":["https:\/\/www.solaga.de\/produkt\/alwe-dry-tuerkis\/"]}]},{"@type":"ImageObject","inLanguage":"en-GB","@id":"https:\/\/www.solaga.de\/produkt\/alwe-dry-tuerkis\/#primaryimage","url":"https:\/\/www.solaga.de\/wp-content\/uploads\/2022\/09\/Tuerkises-Algenbild-scaled.jpg","contentUrl":"https:\/\/www.solaga.de\/wp-content\/uploads\/2022\/09\/Tuerkises-Algenbild-scaled.jpg","width":2560,"height":1920},{"@type":"BreadcrumbList","@id":"https:\/\/www.solaga.de\/produkt\/alwe-dry-tuerkis\/#breadcrumb","itemListElement":[{"@type":"ListItem","position":1,"name":"Startseite","item":"https:\/\/www.solaga.de\/"},{"@type":"ListItem","position":2,"name":"Produkte","item":"https:\/\/www.solaga.de\/shop\/"},{"@type":"ListItem","position":3,"name":"Xenia"}]},{"@type":"WebSite","@id":"https:\/\/www.solaga.de\/#website","url":"https:\/\/www.solaga.de\/","name":"Solaga","description":"Solaga - F\u00fcr gr\u00fcnere und bessere Luft","publisher":{"@id":"https:\/\/www.solaga.de\/#organization"},"potentialAction":[{"@type":"SearchAction","target":{"@type":"EntryPoint","urlTemplate":"https:\/\/www.solaga.de\/?s={search_term_string}"},"query-input":{"@type":"PropertyValueSpecification","valueRequired":true,"valueName":"search_term_string"}}],"inLanguage":"en-GB"},{"@type":"Organization","@id":"https:\/\/www.solaga.de\/#organization","name":"Solaga","url":"https:\/\/www.solaga.de\/","logo":{"@type":"ImageObject","inLanguage":"en-GB","@id":"https:\/\/www.solaga.de\/#\/schema\/logo\/image\/","url":"https:\/\/www.solaga.de\/wp-content\/uploads\/2018\/08\/logo_film.jpg","contentUrl":"https:\/\/www.solaga.de\/wp-content\/uploads\/2018\/08\/logo_film.jpg","width":2672,"height":933,"caption":"Solaga"},"image":{"@id":"https:\/\/www.solaga.de\/#\/schema\/logo\/image\/"},"sameAs":["https:\/\/www.facebook.com\/solagabiotech\/","https:\/\/x.com\/solagade","https:\/\/www.instagram.com\/solaga.de","https:\/\/de.linkedin.com\/company\/solaga","https:\/\/www.youtube.com\/channel\/UCLUcLurk3_16zP2d3qHuJiw"]}]}},"_links":{"self":[{"href":"https:\/\/www.solaga.de\/en\/wp-json\/wp\/v2\/product\/16013","targetHints":{"allow":["GET"]}}],"collection":[{"href":"https:\/\/www.solaga.de\/en\/wp-json\/wp\/v2\/product"}],"about":[{"href":"https:\/\/www.solaga.de\/en\/wp-json\/wp\/v2\/types\/product"}],"wp:featuredmedia":[{"embeddable":true,"href":"https:\/\/www.solaga.de\/en\/wp-json\/wp\/v2\/media\/16014"}],"wp:attachment":[{"href":"https:\/\/www.solaga.de\/en\/wp-json\/wp\/v2\/media?parent=16013"}],"wp:term":[{"taxonomy":"product_brand","embeddable":true,"href":"https:\/\/www.solaga.de\/en\/wp-json\/wp\/v2\/product_brand?post=16013"},{"taxonomy":"product_cat","embeddable":true,"href":"https:\/\/www.solaga.de\/en\/wp-json\/wp\/v2\/product_cat?post=16013"},{"taxonomy":"product_tag","embeddable":true,"href":"https:\/\/www.solaga.de\/en\/wp-json\/wp\/v2\/product_tag?post=16013"}],"curies":[{"name":"wp","href":"https:\/\/api.w.org\/{rel}","templated":true}]}}